{"id":390,"date":"2013-08-22T23:46:35","date_gmt":"2013-08-22T23:46:35","guid":{"rendered":"http:\/\/envision.wptation.com\/?page_id=390"},"modified":"2022-07-08T06:38:53","modified_gmt":"2022-07-08T03:38:53","slug":"about-us-2","status":"publish","type":"page","link":"https:\/\/onaydanismanlik.com.tr\/?page_id=390","title":{"rendered":"Hakk\u0131m\u0131zda"},"content":{"rendered":"<div  id=\"video-background-1\" class=\"ui--video-background-wrapper fullwidth-content clearfix ui--section-content-v-center color--dark\" style=\"margin-top: -30px;  margin-bottom: 48px;\"><div class=\"ui--video-background-holder\"><div  class=\"ui--video-background-video hidden-phone \"><\/div><div class=\"ui--video-background-poster\"><\/div><div  class=\"ui--video-background\"><div class=\"ui--gradient\"><\/div><\/div><\/div><div  class=\"ui--section-content container clearfix\" style=\"padding-top: 60px;  padding-bottom: 48px;\"><div  class=\"ui--animation-in make--fx--fadein-btt ui--pass clearfix\" data-fx=\"fx--fadein-btt\" data-delay=\"200\" data-start-delay=\"0\"><h1 id=\"custom-title-1\" class=\"ui--animation \" style=\"font-size: 51px; line-height: 53px; text-align: center; margin-bottom: 0px; \" ><strong>B\u0130Z\u0130 TANIMAK \u0130STER M\u0130S\u0130N\u0130Z?<span id=\"text-rotator-1\" class=\"ui--text-rotator\" data-effect=\"fade\" data-speed=\"5000\"><span class=\"ui--text-rotator-placeholder\"><\/span><span class=\"ui--text-rotator-words\"><\/span><\/span><\/strong><\/h1><h1 id=\"custom-title-h1-1\" class=\"ui--animation \" style=\"text-align: center; margin-bottom: 0px; \">Bizimle \u0130lgili Her\u015fey Bu Sayfada<\/h1><div  class=\"ui--space clearfix\" style=\"height: 80px;\" data-responsive=\"{&quot;css&quot;:{&quot;height&quot;:{&quot;phone&quot;:null,&quot;tablet&quot;:null,&quot;widescreen&quot;:&quot;80px&quot;}}}\"><\/div><\/div><div  class=\"ui--animation-in make--fx--fadein-btt ui--pass clearfix\" data-fx=\"fx--fadein-btt\" data-delay=\"200\" data-start-delay=\"0\"><div class=\"ui-row row\">\n <div   class=\"ui-column span6\"><div  class=\"ui--icon-box position--left\"><span class=\"ui--icon-box-icon ui--animation\"><i class=\"ui--icon fontawesome-rocket icon-inline-block icon-with-background radius-circle\" style=\"font-size: 48px;  width: 52px;  height: 52px;  border-width: 3px;  border-style: solid;\"><\/i><\/span><div  class=\"ui--icon-box-content\"><h3 class=\"ui--icon-box-title ui--animation text-left\" data-fx=\"fx--no-effect\"><span ><strong>Misyonumuz<\/strong> <\/span><\/h3><div  class=\"ui--animation ui--icon-box-text text-left\" data-fx=\"fx--no-effect\"><p>D\u00fcnya genelinde global de\u011fi\u015fimlere ve yeniliklere e\u015fzamanl\u0131 \u015fekilde ayak uydurarak, m\u00fc\u015fterilerimize kaliteli ve h\u0131zl\u0131 hizmeti en g\u00fcvenilir \u015fekilde sunarak, 7\/24 \u00e7\u00f6z\u00fcm \u00fcretmek. Sa\u011flam ad\u0131mlarla b\u00fcy\u00fcrken, ilk g\u00fcnk\u00fc heves ve yenilik\u00e7i ruhumuzu da korumak. <\/p>\n<\/div><\/div><\/div><\/div> \n\n <div   class=\"ui-column span6\"><div  class=\"ui--icon-box position--left\"><span class=\"ui--icon-box-icon ui--animation\"><i class=\"ui--icon fontawesome-eye-open icon-inline-block icon-with-background radius-circle\" style=\"font-size: 48px;  width: 52px;  height: 52px;  border-width: 3px;  border-style: solid;\"><\/i><\/span><div  class=\"ui--icon-box-content\"><h3 class=\"ui--icon-box-title ui--animation text-left\" data-fx=\"fx--no-effect\"><span ><strong>Vizyonumuz<\/strong><\/span><\/h3><div  class=\"ui--animation ui--icon-box-text text-left\" data-fx=\"fx--no-effect\"><p>Bilgi g\u00fcn\u00fcm\u00fczde en b\u00fcy\u00fck g\u00fc\u00e7 haline gelirken, s\u00f6z konusu g\u00fcmr\u00fck i\u015flemleri oldu\u011funda mevzuatlar\u0131n d\u00fcnya \u00e7ap\u0131nda takibi \u00e7ok daha b\u00fcy\u00fck \u00f6nem kazan\u0131yor. ONAY Dan\u0131\u015fmal\u0131k olarak, m\u00fckemmeliyet\u00e7i bak\u0131\u015f a\u00e7\u0131m\u0131z ve bilgi birikimimizle; sekt\u00f6re \u00f6zel analiz ve hizmetlerimizle m\u00fc\u015fterilerimizin \u00e7ok y\u00f6nl\u00fc \u00e7\u00f6z\u00fcm ortaklar\u0131 olmay\u0131 hedefliyoruz.<\/p>\n<\/div><\/div><\/div><\/div> \n\n<\/div> \n<div class=\"ui-row row\">\n <div   class=\"ui-column span6\"><div  class=\"ui--icon-box position--left\"><span class=\"ui--icon-box-icon ui--animation\"><i class=\"ui--icon icomoon-queen icon-inline-block icon-with-background radius-circle\" style=\"font-size: 48px;  width: 52px;  height: 52px;  border-width: 3px;  border-style: solid;\"><\/i><\/span><div  class=\"ui--icon-box-content\"><h3 class=\"ui--icon-box-title ui--animation text-left\" data-fx=\"fx--no-effect\"><span ><strong>De\u011ferlerimiz<\/strong><\/span><\/h3><div  class=\"ui--animation ui--icon-box-text text-left\" data-fx=\"fx--no-effect\"><p>H\u0131zl\u0131  ve kaliteli \u015fekilde \u00e7al\u0131\u015farak, m\u00fc\u015fteri memnuniyetini her \u015feyden \u00fcst\u00fcn tutan bir \u015firket olmak.<\/p>\n<\/div><\/div><\/div><\/div> \n\n <div   class=\"ui-column span6\"><div  class=\"ui--icon-box position--left\"><span class=\"ui--icon-box-icon ui--animation\"><i class=\"ui--icon icomoon-stats-up icon-inline-block icon-with-background radius-circle\" style=\"font-size: 48px;  width: 52px;  height: 52px;  border-width: 3px;  border-style: solid;\"><\/i><\/span><div  class=\"ui--icon-box-content\"><h3 class=\"ui--icon-box-title ui--animation text-left\" data-fx=\"fx--no-effect\"><span ><strong>S\u00fcrekli Geli\u015fim<\/strong><\/span><\/h3><div  class=\"ui--animation ui--icon-box-text text-left\" data-fx=\"fx--no-effect\"><p>D\u00fcnyadaki de\u011fi\u015fimleri yak\u0131ndan takip ederek e\u015f zamanl\u0131 olarak i\u015f s\u00fcre\u00e7lerimize adapte ediyoruz.<\/p>\n<\/div><\/div><\/div><\/div> \n\n<\/div> \n<div class=\"ui-row row\">\n <div   class=\"ui-column span6\"><div  class=\"ui--icon-box position--left\"><span class=\"ui--icon-box-icon ui--animation\"><i class=\"ui--icon icomoon-users-4 icon-inline-block icon-with-background radius-circle\" style=\"font-size: 48px;  width: 52px;  height: 52px;  border-width: 3px;  border-style: solid;\"><\/i><\/span><div  class=\"ui--icon-box-content\"><h3 class=\"ui--icon-box-title ui--animation text-left\" data-fx=\"fx--no-effect\"><span ><strong>M\u00fc\u015fteri ve \u00c7\u00f6z\u00fcm odakl\u0131l\u0131k<\/strong><\/span><\/h3><div  class=\"ui--animation ui--icon-box-text text-left\" data-fx=\"fx--no-effect\"><p>M\u00fc\u015fterilerimizin memnuniyetini her \u015feyin \u00f6n\u00fcnde tutarak daima \u201cnas\u0131l yapabiliriz\u201di d\u00fc\u015f\u00fcn\u00fcyoruz.<\/p>\n<\/div><\/div><\/div><\/div> \n\n <div   class=\"ui-column span6\"><div  class=\"ui--icon-box position--left\"><span class=\"ui--icon-box-icon ui--animation\"><i class=\"ui--icon fontawesome-smile icon-inline-block icon-with-background radius-circle\" style=\"font-size: 48px;  width: 52px;  height: 52px;  border-width: 3px;  border-style: solid;\"><\/i><\/span><div  class=\"ui--icon-box-content\"><h3 class=\"ui--icon-box-title ui--animation text-left\" data-fx=\"fx--no-effect\"><span ><strong>Samimiyet<\/strong><\/span><\/h3><div  class=\"ui--animation ui--icon-box-text text-left\" data-fx=\"fx--no-effect\"><p>Birlikte \u00e7al\u0131\u015ft\u0131\u011f\u0131m\u0131z kurum ve kurulu\u015flar\u0131 salt bir m\u00fc\u015fterinin \u00f6tesinde, \u00e7\u00f6z\u00fcm orta\u011f\u0131m\u0131z olarak g\u00f6r\u00fcyoruz.<\/p>\n<\/div><\/div><\/div><\/div> \n\n<\/div> \n<div class=\"ui-row row\">\n <div   class=\"ui-column span6\"><div  class=\"ui--icon-box position--left\"><span class=\"ui--icon-box-icon ui--animation\"><i class=\"ui--icon fontawesome-puzzle-piece icon-inline-block icon-with-background radius-circle\" style=\"font-size: 48px;  width: 52px;  height: 52px;  border-width: 3px;  border-style: solid;\"><\/i><\/span><div  class=\"ui--icon-box-content\"><h3 class=\"ui--icon-box-title ui--animation text-left\" data-fx=\"fx--no-effect\"><span ><strong>Heyecan<\/strong><\/span><\/h3><div  class=\"ui--animation ui--icon-box-text text-left\" data-fx=\"fx--no-effect\"><p>Yapt\u0131\u011f\u0131m\u0131z her i\u015fe heyecanla yakla\u015f\u0131r, azimle \u00e7al\u0131\u015farak en ba\u015far\u0131l\u0131 \u015fekilde tamamlar\u0131z.<\/p>\n<\/div><\/div><\/div><\/div> \n\n <div   class=\"ui-column span6\"><div  class=\"ui--icon-box position--left\"><span class=\"ui--icon-box-icon ui--animation\"><i class=\"ui--icon icomoon-racing icon-inline-block icon-with-background radius-circle\" style=\"font-size: 48px;  width: 52px;  height: 52px;  border-width: 3px;  border-style: solid;\"><\/i><\/span><div  class=\"ui--icon-box-content\"><h3 class=\"ui--icon-box-title ui--animation text-left\" data-fx=\"fx--no-effect\"><span ><strong>Cesaret<\/strong><\/span><\/h3><div  class=\"ui--animation ui--icon-box-text text-left\" data-fx=\"fx--no-effect\"><p>Gerekti\u011finde inisiyatif kullanarak sorumluluk al\u0131r\u0131z. <\/p>\n<\/div><\/div><\/div><\/div> \n\n<\/div> \n<div class=\"text-center ui--animation\"><a class=\"btn btn-large btn-block btn-icon-left btn-secondary\" href=\"https:\/\/onaydanismanlik.com.tr\/?page_id=327\" style=\"\">Hizmetlerimizi g\u00f6rmek ister misiniz?<\/a> <\/div><\/div><\/div><\/div><div class=\"ui-row row\">\n <div   class=\"ui-column span8\"><h1 id=\"custom-title-2\" class=\"ui--animation \" style=\"font-size: 48px; line-height: 42px; \" ><strong>Biz Kimiz ? <\/strong> <\/h1><h1 id=\"custom-title-3\" class=\"ui--animation \" style=\"font-size: 48px; line-height: 42px; \" ><strong>Neden Bizi Se\u00e7melisiniz?<\/strong> <\/h1><div  class=\"ui--space clearfix\" style=\"height: 60px;\" data-responsive=\"{&quot;css&quot;:{&quot;height&quot;:{&quot;phone&quot;:null,&quot;tablet&quot;:null,&quot;widescreen&quot;:&quot;60px&quot;}}}\"><\/div><div class=\"ui-row row\">\n <div   class=\"ui-column span6\"><div class=\"auto-format ui--animation\"><p><strong>Biz Kimiz?<br \/>\nOnay Dan\u0131\u015fmanl\u0131k, 2002 y\u0131l\u0131ndan bu yana dan\u0131\u015fmanl\u0131k yapmakta olan Onur Kocaay taraf\u0131ndan 2013 y\u0131l\u0131nda \u0130stanbul\u2019un Kad\u0131k\u00f6y il\u00e7esinde kurulmu\u015ftur.<\/p>\n<p>D\u00fcnyan\u0131n en b\u00fcy\u00fck firmalar\u0131n\u0131n T\u00fcrkiye\u2019deki i\u015ftiraklerinin de yer ald\u0131\u011f\u0131 40\u2019\u0131n \u00fczerinde yerli ve yabanc\u0131 kurumsal firmaya dan\u0131\u015fmanl\u0131k hizmeti sunarak varl\u0131\u011f\u0131m\u0131z\u0131 s\u00fcrd\u00fcrmekteyiz.<\/p>\n<p>Kendisinin ve ekip arkada\u015flar\u0131n\u0131n i\u015fine g\u00f6stermi\u015f oldu\u011fu dikkat ve \u00f6zen, Onay Dan\u0131\u015fmanl\u0131\u011f\u0131 k\u0131sa s\u00fcrede aran\u0131lan bir dan\u0131\u015fmanl\u0131k b\u00fcrosu haline getirmi\u015ftir.<\/p>\n<p>G\u0131da i\u015fletmelerinin Kay\u0131t ve Onay \u0130\u015flemleri, Takviye Edici G\u0131dalar, Her T\u00fcrl\u00fc G\u0131da , Yem , G\u00fcbre, Bitki, Meyve ve Sebze, Hayvansal \u00dcr\u00fcn ithalat\u0131 ve ihracat\u0131 belli ba\u015fl\u0131 hizmet alanlar\u0131m\u0131z i\u00e7indedir.<\/p>\n<p>Bizimle ileti\u015fime ge\u00e7ti\u011finiz zaman tecr\u00fcbeli ekibimiz taraf\u0131ndan h\u0131zl\u0131 ve kaliteli hizmet alarak memnun ayr\u0131laca\u011f\u0131n\u0131zdan emin olun.<\/p>\n<p><\/strong><\/p>\n<\/div><div class=\"auto-format ui--animation\"><p><strong>Neden Bizi Se\u00e7melisiniz ?<\/p>\n<p>Sekt\u00f6re y\u00f6n veren tecr\u00fcbeli ve dinamik ekibimiz ile, m\u00fc\u015fterilerimizle hedef birli\u011fi i\u00e7inde h\u0131zl\u0131 ve kaliteli \u00e7al\u0131\u015farak b\u00fcy\u00fcme yolunda tamamen \u00f6zelle\u015ftirilmi\u015f ve inovatif \u00e7\u00f6z\u00fcmlerle fark yaratman\u0131za yard\u0131mc\u0131 oluyoruz.<br \/>\n<\/strong><\/p>\n<\/div><\/div> \n\n<\/div> \n<div class=\"auto-format ui--animation\"><\/div><\/div> \n\n<\/div> \n<div  class=\"ui--space clearfix\" style=\"height: 80px;\" data-responsive=\"{&quot;css&quot;:{&quot;height&quot;:{&quot;phone&quot;:null,&quot;tablet&quot;:null,&quot;widescreen&quot;:&quot;80px&quot;}}}\"><\/div><div class=\"ui--title ui--animation ui--title-bordered text-left\"><div class=\"ui--title-holder\"><h3 class=\"ui--title-text\"> <strong>Ekibimiz<\/strong><\/h3><div class=\"ui--title-borders ui--title-border-left\"><\/div><div class=\"ui--title-borders ui--title-border-right\"><\/div><\/div><\/div><div  class=\"ui--animation-in make--fx--appear ui--pass clearfix\" data-fx=\"fx--appear\" data-delay=\"400\" data-start-delay=\"200\"><div class=\"ui--carousel clearfix\" data-options=\"{&quot;effect&quot;:&quot;slide&quot;,&quot;auto_rotate&quot;:&quot;0&quot;,&quot;animation_loop&quot;:&quot;1&quot;,&quot;arrows&quot;:&quot;1&quot;,&quot;rotate_time&quot;:0,&quot;animate&quot;:true}\"><div class=\"slides\"><div class=\"ui-row row\">\n <div   class=\"ui-column span3\"><div class=\"ui--box-widget\"><div class=\"ui--block ui--content-item ui--pass ui--animation\"><div  class=\"ui--content-box ui--box ui-row\"><div class=\"ui--content-box-header\"><div class=\"ui--content-box-media effect--fade type--default clearfix\" style=\"padding-bottom: 133.33%;\"><div class=\"ui--content-box-image-default\"><img decoding=\"async\"  class=\"ui--content-box-image\" src=\"https:\/\/onaydanismanlik.com.tr\/wp-content\/uploads\/2022\/05\/Screenshot_20220512-112618-copy-1-570x760.jpg\" alt=\"\" title=\"\"\/><\/div><div class=\"ui--content-box-overlay\"><div class=\"ui--content-box-overlay-background\"><\/div><div class=\"center\"><span class=\"btn btn-grey ui--center-vertical\"><span class=\"ui--content-box-overlay-button-text\">Onur Hakk\u0131nda<\/span><span class=\"ui--content-box-overlay-button-icon\"><i class=\"ui--icon fontawesome-caret-right\"><\/i><\/span><\/span><\/div><\/div><\/div><div class=\"ui--content-box-title ui--gradient ui--gradient-grey on--hover clearfix text-center\"><h5 class=\"ui--content-box-title-text\"><strong>Onur Kocaay<\/strong><\/h5><h6 class=\"ui--content-box-title-caption\">Y\u00d6NET\u0130C\u0130&KURUCU<\/h6><\/div><\/div><div class=\"ui--content-box-footer ui--gradient ui--gradient-grey clearfix text-left\"><div class=\"text-center\"><ul id=\"socialbar-1\" class=\"ui-socialbar unstyled ss grey-bevel-gradient effect--slide borderless\"><li class=\"instagram ui-socialbar-item ui--animation\"><div class=\"ui-socialbar-image ui-socialbar-background \"><\/div><a href=\"#\" class=\"ui-socialbar-image\" target=\"_blank\" title=\"Instagram\" rel=\"\"><\/a><\/li><li class=\"facebook ui-socialbar-item ui--animation\"><div class=\"ui-socialbar-image ui-socialbar-background \"><\/div><a href=\"#\" class=\"ui-socialbar-image\" target=\"_blank\" title=\"Facebook\" rel=\"\"><\/a><\/li><li class=\"twitter ui-socialbar-item ui--animation\"><div class=\"ui-socialbar-image ui-socialbar-background \"><\/div><a href=\"#\" class=\"ui-socialbar-image\" target=\"_blank\" title=\"Twitter\" rel=\"\"><\/a><\/li><\/ul><\/div><\/div><\/div><div class=\"ui--shadow ui--shadow-type-2 ui--shadow-abs ui--shadow-reset clearfix\"><img decoding=\"async\" src=\"https:\/\/onaydanismanlik.com.tr\/wp-content\/themes\/envision\/includes\/modules\/module.shadow\/shadows\/shadow-2.png\" alt=\"\" \/><\/div><\/div><\/div><\/div> \n\n<\/div> \n<\/div><\/div><\/div><div  class=\"ui--space clearfix\" style=\"height: 300px;\" data-responsive=\"{&quot;css&quot;:{&quot;height&quot;:{&quot;phone&quot;:null,&quot;tablet&quot;:null,&quot;widescreen&quot;:&quot;300px&quot;}}}\"><\/div>","protected":false},"excerpt":{"rendered":"<p>B\u0130Z\u0130 TANIMAK \u0130STER M\u0130S\u0130N\u0130Z?Bizimle \u0130lgili Her\u015fey Bu Sayfada Misyonumuz D\u00fcnya genelinde global de\u011fi\u015fimlere ve yeniliklere e\u015fzamanl\u0131 \u015fekilde ayak uydurarak, m\u00fc\u015fterilerimize kaliteli ve h\u0131zl\u0131 hizmeti en g\u00fcvenilir \u015fekilde sunarak, 7\/24 \u00e7\u00f6z\u00fcm \u00fcretmek. Sa\u011flam ad\u0131mlarla b\u00fcy\u00fcrken, ilk g\u00fcnk\u00fc heves ve yenilik\u00e7i ruhumuzu da korumak. VizyonumuzBilgi g\u00fcn\u00fcm\u00fczde en b\u00fcy\u00fck g\u00fc\u00e7 haline gelirken, s\u00f6z konusu g\u00fcmr\u00fck i\u015flemleri oldu\u011funda mevzuatlar\u0131n [&hellip;]<\/p>\n","protected":false},"author":1,"featured_media":0,"parent":0,"menu_order":0,"comment_status":"open","ping_status":"open","template":"","meta":{"footnotes":""},"featured_media_urls":[],"_links":{"self":[{"href":"https:\/\/onaydanismanlik.com.tr\/index.php?rest_route=\/wp\/v2\/pages\/390"}],"collection":[{"href":"https:\/\/onaydanismanlik.com.tr\/index.php?rest_route=\/wp\/v2\/pages"}],"about":[{"href":"https:\/\/onaydanismanlik.com.tr\/index.php?rest_route=\/wp\/v2\/types\/page"}],"author":[{"embeddable":true,"href":"https:\/\/onaydanismanlik.com.tr\/index.php?rest_route=\/wp\/v2\/users\/1"}],"replies":[{"embeddable":true,"href":"https:\/\/onaydanismanlik.com.tr\/index.php?rest_route=%2Fwp%2Fv2%2Fcomments&post=390"}],"version-history":[{"count":24,"href":"https:\/\/onaydanismanlik.com.tr\/index.php?rest_route=\/wp\/v2\/pages\/390\/revisions"}],"predecessor-version":[{"id":2022,"href":"https:\/\/onaydanismanlik.com.tr\/index.php?rest_route=\/wp\/v2\/pages\/390\/revisions\/2022"}],"wp:attachment":[{"href":"https:\/\/onaydanismanlik.com.tr\/index.php?rest_route=%2Fwp%2Fv2%2Fmedia&parent=390"}],"curies":[{"name":"wp","href":"https:\/\/api.w.org\/{rel}","templated":true}]}}