{"id":327,"date":"2013-08-18T22:31:05","date_gmt":"2013-08-18T22:31:05","guid":{"rendered":"http:\/\/envision.wptation.com\/?page_id=327"},"modified":"2022-06-03T13:49:02","modified_gmt":"2022-06-03T10:49:02","slug":"services","status":"publish","type":"page","link":"https:\/\/onaydanismanlik.com.tr\/?page_id=327","title":{"rendered":"Hizmetlerimiz"},"content":{"rendered":"<div  id=\"video-background-1\" class=\"ui--video-background-wrapper fullwidth-content clearfix ui--section-content-v-center color--dark\" style=\"margin-top: -30px;  margin-bottom: 48px;\"><div class=\"ui--video-background-holder\"><div  class=\"ui--video-background-video hidden-phone \"><\/div><div class=\"ui--video-background-poster\"><\/div><div  class=\"ui--video-background\"><div class=\"ui--gradient\"><\/div><\/div><\/div><div  class=\"ui--section-content container clearfix\" style=\"padding-top: 60px;  padding-bottom: 48px;\"><div  class=\"ui--animation-in make--fx--fadein-btt ui--pass clearfix\" data-fx=\"fx--fadein-btt\" data-delay=\"200\" data-start-delay=\"0\"><h1 id=\"custom-title-1\" class=\"ui--animation \" style=\"font-size: 47px; line-height: 42px; text-align: center; margin-bottom: 0px; \" ><strong>KAL\u0130TEL\u0130, \u00c7\u00d6Z\u00dcM ODAKLI VE G\u00dcVEN\u0130L\u0130R H\u0130ZMET<span id=\"text-rotator-1\" class=\"ui--text-rotator\" data-effect=\"fade\" data-speed=\"5000\"><span class=\"ui--text-rotator-placeholder\"><\/span><span class=\"ui--text-rotator-words\"><\/span><\/span><\/strong><\/h1><h1 id=\"custom-title-h1-1\" class=\"ui--animation \" style=\"text-align: center; margin-bottom: 0px; \">Sizler \u0130\u00e7in 7\/24 Buraday\u0131z <\/h1><div  class=\"ui--space clearfix\" style=\"height: 80px;\" data-responsive=\"{&quot;css&quot;:{&quot;height&quot;:{&quot;phone&quot;:null,&quot;tablet&quot;:null,&quot;widescreen&quot;:&quot;80px&quot;}}}\"><\/div><div  class=\"ui--animation-in make--fx--fadein-btt ui--pass clearfix\" data-fx=\"fx--fadein-btt\" data-delay=\"200\" data-start-delay=\"0\"><div class=\"ui-row row\">\n <div   class=\"ui-column span6\"><div  class=\"ui--icon-box position--left\"><span class=\"ui--icon-box-icon ui--animation\"><i class=\"ui--icon fontawesome-rocket icon-inline-block icon-with-background radius-circle\" style=\"font-size: 48px;  width: 52px;  height: 52px;  border-width: 3px;  border-style: solid;\"><\/i><\/span><div  class=\"ui--icon-box-content\"><h3 class=\"ui--icon-box-title ui--animation text-left\" data-fx=\"fx--no-effect\"><span ><strong>Misyonumuz<\/strong> <\/span><\/h3><div  class=\"ui--animation ui--icon-box-text text-left\" data-fx=\"fx--no-effect\"><p>D\u00fcnya genelinde global de\u011fi\u015fimlere ve yeniliklere e\u015fzamanl\u0131 \u015fekilde ayak uydurarak, m\u00fc\u015fterilerimize kaliteli ve h\u0131zl\u0131 hizmeti en g\u00fcvenilir \u015fekilde sunarak, 7\/24 \u00e7\u00f6z\u00fcm \u00fcretmek. Sa\u011flam ad\u0131mlarla b\u00fcy\u00fcrken, ilk g\u00fcnk\u00fc heves ve yenilik\u00e7i ruhumuzu da korumak. <\/p>\n<\/div><\/div><\/div><\/div> \n\n <div   class=\"ui-column span6\"><div  class=\"ui--icon-box position--left\"><span class=\"ui--icon-box-icon ui--animation\"><i class=\"ui--icon fontawesome-eye-open icon-inline-block icon-with-background radius-circle\" style=\"font-size: 48px;  width: 52px;  height: 52px;  border-width: 3px;  border-style: solid;\"><\/i><\/span><div  class=\"ui--icon-box-content\"><h3 class=\"ui--icon-box-title ui--animation text-left\" data-fx=\"fx--no-effect\"><span ><strong>Vizyonumuz<\/strong><\/span><\/h3><div  class=\"ui--animation ui--icon-box-text text-left\" data-fx=\"fx--no-effect\"><p>Bilgi g\u00fcn\u00fcm\u00fczde en b\u00fcy\u00fck g\u00fc\u00e7 haline gelirken, s\u00f6z konusu g\u00fcmr\u00fck i\u015flemleri oldu\u011funda mevzuatlar\u0131n d\u00fcnya \u00e7ap\u0131nda takibi \u00e7ok daha b\u00fcy\u00fck \u00f6nem kazan\u0131yor. ONAY Dan\u0131\u015fmal\u0131k olarak, m\u00fckemmeliyet\u00e7i bak\u0131\u015f a\u00e7\u0131m\u0131z ve bilgi birikimimizle; sekt\u00f6re \u00f6zel analiz ve hizmetlerimizle m\u00fc\u015fterilerimizin \u00e7ok y\u00f6nl\u00fc \u00e7\u00f6z\u00fcm ortaklar\u0131 olmay\u0131 hedefliyoruz.<\/p>\n<\/div><\/div><\/div><\/div> \n\n<\/div> \n<div class=\"ui-row row\">\n <div   class=\"ui-column span6\"><div  class=\"ui--icon-box position--left\"><span class=\"ui--icon-box-icon ui--animation\"><i class=\"ui--icon icomoon-queen icon-inline-block icon-with-background radius-circle\" style=\"font-size: 48px;  width: 52px;  height: 52px;  border-width: 3px;  border-style: solid;\"><\/i><\/span><div  class=\"ui--icon-box-content\"><h3 class=\"ui--icon-box-title ui--animation text-left\" data-fx=\"fx--no-effect\"><span ><strong>De\u011ferlerimiz<\/strong><\/span><\/h3><div  class=\"ui--animation ui--icon-box-text text-left\" data-fx=\"fx--no-effect\"><p>H\u0131zl\u0131  ve kaliteli \u015fekilde \u00e7al\u0131\u015farak, m\u00fc\u015fteri memnuniyetini her \u015feyden \u00fcst\u00fcn tutan bir \u015firket olmak.<\/p>\n<\/div><\/div><\/div><\/div> \n\n <div   class=\"ui-column span6\"><div  class=\"ui--icon-box position--left\"><span class=\"ui--icon-box-icon ui--animation\"><i class=\"ui--icon icomoon-stats-up icon-inline-block icon-with-background radius-circle\" style=\"font-size: 48px;  width: 52px;  height: 52px;  border-width: 3px;  border-style: solid;\"><\/i><\/span><div  class=\"ui--icon-box-content\"><h3 class=\"ui--icon-box-title ui--animation text-left\" data-fx=\"fx--no-effect\"><span ><strong>S\u00fcrekli Geli\u015fim<\/strong><\/span><\/h3><div  class=\"ui--animation ui--icon-box-text text-left\" data-fx=\"fx--no-effect\"><p>D\u00fcnyadaki de\u011fi\u015fimleri yak\u0131ndan takip ederek e\u015f zamanl\u0131 olarak i\u015f s\u00fcre\u00e7lerimize adapte ediyoruz.<\/p>\n<\/div><\/div><\/div><\/div> \n\n<\/div> \n<div class=\"ui-row row\">\n <div   class=\"ui-column span6\"><div  class=\"ui--icon-box position--left\"><span class=\"ui--icon-box-icon ui--animation\"><i class=\"ui--icon icomoon-users-4 icon-inline-block icon-with-background radius-circle\" style=\"font-size: 48px;  width: 52px;  height: 52px;  border-width: 3px;  border-style: solid;\"><\/i><\/span><div  class=\"ui--icon-box-content\"><h3 class=\"ui--icon-box-title ui--animation text-left\" data-fx=\"fx--no-effect\"><span ><strong>M\u00fc\u015fteri ve \u00c7\u00f6z\u00fcm odakl\u0131l\u0131k<\/strong><\/span><\/h3><div  class=\"ui--animation ui--icon-box-text text-left\" data-fx=\"fx--no-effect\"><p>M\u00fc\u015fterilerimizin memnuniyetini her \u015feyin \u00f6n\u00fcnde tutarak daima \u201cnas\u0131l yapabiliriz\u201di d\u00fc\u015f\u00fcn\u00fcyoruz.<\/p>\n<\/div><\/div><\/div><\/div> \n\n <div   class=\"ui-column span6\"><div  class=\"ui--icon-box position--left\"><span class=\"ui--icon-box-icon ui--animation\"><i class=\"ui--icon fontawesome-smile icon-inline-block icon-with-background radius-circle\" style=\"font-size: 48px;  width: 52px;  height: 52px;  border-width: 3px;  border-style: solid;\"><\/i><\/span><div  class=\"ui--icon-box-content\"><h3 class=\"ui--icon-box-title ui--animation text-left\" data-fx=\"fx--no-effect\"><span ><strong>Samimiyet<\/strong><\/span><\/h3><div  class=\"ui--animation ui--icon-box-text text-left\" data-fx=\"fx--no-effect\"><p>Birlikte \u00e7al\u0131\u015ft\u0131\u011f\u0131m\u0131z kurum ve kurulu\u015flar\u0131 salt bir m\u00fc\u015fterinin \u00f6tesinde, \u00e7\u00f6z\u00fcm orta\u011f\u0131m\u0131z olarak g\u00f6r\u00fcyoruz.<\/p>\n<\/div><\/div><\/div><\/div> \n\n<\/div> \n<div class=\"ui-row row\">\n <div   class=\"ui-column span6\"><div  class=\"ui--icon-box position--left\"><span class=\"ui--icon-box-icon ui--animation\"><i class=\"ui--icon fontawesome-puzzle-piece icon-inline-block icon-with-background radius-circle\" style=\"font-size: 48px;  width: 52px;  height: 52px;  border-width: 3px;  border-style: solid;\"><\/i><\/span><div  class=\"ui--icon-box-content\"><h3 class=\"ui--icon-box-title ui--animation text-left\" data-fx=\"fx--no-effect\"><span ><strong>Heyecan<\/strong><\/span><\/h3><div  class=\"ui--animation ui--icon-box-text text-left\" data-fx=\"fx--no-effect\"><p>Yapt\u0131\u011f\u0131m\u0131z her i\u015fe heyecanla yakla\u015f\u0131r, azimle \u00e7al\u0131\u015farak en ba\u015far\u0131l\u0131 \u015fekilde tamamlar\u0131z.<\/p>\n<\/div><\/div><\/div><\/div> \n\n <div   class=\"ui-column span6\"><div  class=\"ui--icon-box position--left\"><span class=\"ui--icon-box-icon ui--animation\"><i class=\"ui--icon icomoon-racing icon-inline-block icon-with-background radius-circle\" style=\"font-size: 48px;  width: 52px;  height: 52px;  border-width: 3px;  border-style: solid;\"><\/i><\/span><div  class=\"ui--icon-box-content\"><h3 class=\"ui--icon-box-title ui--animation text-left\" data-fx=\"fx--no-effect\"><span ><strong>Cesaret<\/strong><\/span><\/h3><div  class=\"ui--animation ui--icon-box-text text-left\" data-fx=\"fx--no-effect\"><p>Gerekti\u011finde inisiyatif kullanarak sorumluluk al\u0131r\u0131z. <\/p>\n<\/div><\/div><\/div><\/div> \n\n<\/div> \n<div class=\"text-center ui--animation\"><a class=\"btn btn-large btn-block btn-icon-left btn-secondary\" href=\"https:\/\/onaydanismanlik.com.tr\/?page_id=390\" style=\"\">Onay Dan\u0131\u015fmanl\u0131k hakk\u0131nda daha fazlas\u0131n\u0131 g\u00f6rmek ister misiniz?<\/a> <\/div><\/div><\/div><\/div><\/div><div class=\"ui-row row\">\n <div   class=\"ui-column span4\"><div class=\"ui--custom-menu-bar ui--gradient ui--gradient-grey hover-effect ui--box orientation-vertical ui--height-normal text-left clearfix\"><ul class=\"unstyled clearfix\"><li class=\"first-item ui--gradient-grey ui--icon-position-left\" title=\"\"><a href=\"https:\/\/onaydanismanlik.com.tr\/?page_id=14\"> TAKV\u0130YE ED\u0130C\u0130 GIDALAR <\/a><\/li><li class=\"ui--gradient-grey ui--icon-position-left\" title=\"\"><a href=\"https:\/\/onaydanismanlik.com.tr\/?page_id=1941\"> GIDA \u0130\u015eLETME <\/a><\/li><li class=\"ui--gradient-grey ui--icon-position-left\" title=\"\"><a href=\"https:\/\/onaydanismanlik.com.tr\/?page_id=1945\"> E\u011e\u0130T\u0130M <\/a><\/li><li class=\"ui--gradient-grey ui--icon-position-left\" title=\"\"><a href=\"https:\/\/onaydanismanlik.com.tr\/?page_id=1947\"> HAYVANSAL GIDALAR <\/a><\/li><li class=\"last-item ui--gradient-grey ui--icon-position-left\" title=\"\"><a href=\"https:\/\/onaydanismanlik.com.tr\/?page_id=1949\"> \u00d6N B\u0130LD\u0130R\u0130M <\/a><\/li><\/ul><\/div><\/div> \n\n <div   class=\"ui-column span6\"><div  class=\"ui--animation-in make--fx--caption-right ui--pass clearfix\" data-fx=\"fx--caption-right\" data-delay=\"400\" data-start-delay=\"400\"><h3 id=\"custom-title-h3-1\" class=\"ui--animation \" style=\"\"><strong>ONAY \u0130THALAT VE \u0130HRACAT DANI\u015eMANLIK H\u0130ZMETLER\u0130<\/strong><\/h3><div class=\"auto-format ui--animation\"><p>D\u00fcnyan\u0131n en b\u00fcy\u00fck firmalar\u0131n\u0131n T\u00fcrkiye\u2019deki i\u015ftiraklerinin de yer ald\u0131\u011f\u0131 40\u2019\u0131n \u00fczerinde yerli ve yabanc\u0131 kurumsal firmaya dan\u0131\u015fmanl\u0131k hizmeti sunarak varl\u0131\u011f\u0131m\u0131z\u0131 s\u00fcrd\u00fcrmekteyiz.<\/p>\n<p>G\u0131da \u0130\u015fletmelerinin Kay\u0131t ve Onay \u0130\u015flemleri, i\u015fletmenize \u00f6zel olarak haz\u0131rlanan g\u0131da hijyeni, hijyen denetimleri, personel hijyen e\u011fitimleri ile teknik ve yasal konular\u0131 kapsar. Takviye Edici G\u0131dalar, G\u0131da i\u015fletme, \u00f6n bildirim, E\u011fitim ve Hayvansal g\u0131dalar belli ba\u015fl\u0131 hizmet alanlar\u0131m\u0131z i\u00e7indedir.<\/p>\n<p>Bizimle ileti\u015fime ge\u00e7ti\u011finiz zaman tecr\u00fcbeli ekibimiz taraf\u0131ndan h\u0131zl\u0131 ve kaliteli hizmet alarak memnun ayr\u0131laca\u011f\u0131n\u0131zdan emin olun.<\/p>\n<\/div><\/div><\/div> \n\n<\/div> \n<div  class=\"ui--space clearfix\" style=\"height: 300px;\" data-responsive=\"{&quot;css&quot;:{&quot;height&quot;:{&quot;phone&quot;:null,&quot;tablet&quot;:null,&quot;widescreen&quot;:&quot;300px&quot;}}}\"><\/div><div class=\"ui--title ui--animation ui--title-bordered-bottom text-center\"><div class=\"ui--title-holder\"><h2 class=\"ui--title-text\"><strong>H\u0130ZMET VERD\u0130\u011e\u0130M\u0130Z B\u00d6LGELER<\/strong><\/h2><\/div><div class=\"ui--title-borders ui--title-border-bottom\"><\/div><\/div><div  class=\"ui--animation-in make--fx--caption-top ui--pass clearfix\" data-fx=\"fx--caption-top\" data-delay=\"250\" data-start-delay=\"0\"><div class=\"ui--carousel clearfix\" data-options=\"{&quot;effect&quot;:&quot;slide&quot;,&quot;auto_rotate&quot;:&quot;1&quot;,&quot;animation_loop&quot;:&quot;1&quot;,&quot;arrows&quot;:&quot;1&quot;,&quot;rotate_time&quot;:7000,&quot;animate&quot;:true}\"><div class=\"slides\"><div class=\"ui-row row\">\n <div   class=\"ui-column span4\"><div  class=\"ui--tagline-box-wrapper ui--animation clearfix\"><div  id=\"tagline-1\" class=\"ui--tagline-box ui-row clearfix ui--tagline-box-custom-color radius-6px\" data-responsive=\"{&quot;css&quot;:{&quot;min-height&quot;:{&quot;phone&quot;:&quot;auto&quot;,&quot;tablet&quot;:&quot;auto&quot;,&quot;widescreen&quot;:&quot;&quot;}}}\"><div  class=\"ui--tagline-background-container ui--tagline-background-overlay radius-6px\"><\/div><div  class=\"ui--tagline-background-container ui--tagline-background-image radius-6px\"><\/div><div  class=\"ui--tagline-content\" style=\"padding-bottom: 5px;\"><div  class=\"ui--icon-box position--left\"><div  class=\"ui--icon-box-content\"><h3 class=\"ui--icon-box-title ui--animation text-center\" data-fx=\"fx--appear\"><span ><strong>ANKARA<\/strong><\/span><\/h3><\/div><\/div><\/div><\/div><div class=\"ui--shadow ui--shadow-type-2  clearfix\"><img decoding=\"async\" src=\"https:\/\/onaydanismanlik.com.tr\/wp-content\/themes\/envision\/includes\/modules\/module.shadow\/shadows\/shadow-2.png\" alt=\"\" \/><\/div><\/div><\/div> \n\n <div   class=\"ui-column span4\"><div  class=\"ui--tagline-box-wrapper ui--animation clearfix\"><div  id=\"tagline-2\" class=\"ui--tagline-box ui-row clearfix ui--tagline-box-custom-color radius-6px\" data-responsive=\"{&quot;css&quot;:{&quot;min-height&quot;:{&quot;phone&quot;:&quot;auto&quot;,&quot;tablet&quot;:&quot;auto&quot;,&quot;widescreen&quot;:&quot;&quot;}}}\"><div  class=\"ui--tagline-background-container ui--tagline-background-overlay radius-6px\"><\/div><div  class=\"ui--tagline-background-container ui--tagline-background-image radius-6px\"><\/div><div  class=\"ui--tagline-content\" style=\"padding-bottom: 5px;\"><div  class=\"ui--icon-box position--left\"><div  class=\"ui--icon-box-content\"><h3 class=\"ui--icon-box-title ui--animation text-center\" data-fx=\"fx--appear\"><span ><strong>\u0130ZM\u0130R<\/strong><\/span><\/h3><\/div><\/div><\/div><\/div><div class=\"ui--shadow ui--shadow-type-2  clearfix\"><img decoding=\"async\" src=\"https:\/\/onaydanismanlik.com.tr\/wp-content\/themes\/envision\/includes\/modules\/module.shadow\/shadows\/shadow-2.png\" alt=\"\" \/><\/div><\/div><\/div> \n\n <div   class=\"ui-column span4\"><div  class=\"ui--tagline-box-wrapper ui--animation clearfix\"><div  id=\"tagline-3\" class=\"ui--tagline-box ui-row clearfix ui--tagline-box-custom-color radius-6px\" data-responsive=\"{&quot;css&quot;:{&quot;min-height&quot;:{&quot;phone&quot;:&quot;auto&quot;,&quot;tablet&quot;:&quot;auto&quot;,&quot;widescreen&quot;:&quot;&quot;}}}\"><div  class=\"ui--tagline-background-container ui--tagline-background-overlay radius-6px\"><\/div><div  class=\"ui--tagline-background-container ui--tagline-background-image radius-6px\"><\/div><div  class=\"ui--tagline-content\" style=\"padding-bottom: 5px;\"><div  class=\"ui--icon-box position--left\"><div  class=\"ui--icon-box-content\"><h3 class=\"ui--icon-box-title ui--animation text-center\" data-fx=\"fx--appear\"><span ><strong>\u0130STANBUL<\/strong><\/span><\/h3><\/div><\/div><\/div><\/div><div class=\"ui--shadow ui--shadow-type-2  clearfix\"><img decoding=\"async\" src=\"https:\/\/onaydanismanlik.com.tr\/wp-content\/themes\/envision\/includes\/modules\/module.shadow\/shadows\/shadow-2.png\" alt=\"\" \/><\/div><\/div><\/div> \n\n<\/div> \n<div class=\"ui-row row\">\n <div   class=\"ui-column span4\"><div  class=\"ui--tagline-box-wrapper ui--animation clearfix\"><div  id=\"tagline-4\" class=\"ui--tagline-box ui-row clearfix ui--tagline-box-custom-color radius-6px\" data-responsive=\"{&quot;css&quot;:{&quot;min-height&quot;:{&quot;phone&quot;:&quot;auto&quot;,&quot;tablet&quot;:&quot;auto&quot;,&quot;widescreen&quot;:&quot;&quot;}}}\"><div  class=\"ui--tagline-background-container ui--tagline-background-overlay radius-6px\"><\/div><div  class=\"ui--tagline-background-container ui--tagline-background-image radius-6px\"><\/div><div  class=\"ui--tagline-content\" style=\"padding-bottom: 5px;\"><div  class=\"ui--icon-box position--left\"><div  class=\"ui--icon-box-content\"><h3 class=\"ui--icon-box-title ui--animation text-center\" data-fx=\"fx--appear\"><span ><strong>ANTALYA<\/strong><\/span><\/h3><\/div><\/div><\/div><\/div><div class=\"ui--shadow ui--shadow-type-2  clearfix\"><img decoding=\"async\" src=\"https:\/\/onaydanismanlik.com.tr\/wp-content\/themes\/envision\/includes\/modules\/module.shadow\/shadows\/shadow-2.png\" alt=\"\" \/><\/div><\/div><\/div> \n\n <div   class=\"ui-column span4\"><div  class=\"ui--tagline-box-wrapper ui--animation clearfix\"><div  id=\"tagline-5\" class=\"ui--tagline-box ui-row clearfix ui--tagline-box-custom-color radius-6px\" data-responsive=\"{&quot;css&quot;:{&quot;min-height&quot;:{&quot;phone&quot;:&quot;auto&quot;,&quot;tablet&quot;:&quot;auto&quot;,&quot;widescreen&quot;:&quot;&quot;}}}\"><div  class=\"ui--tagline-background-container ui--tagline-background-overlay radius-6px\"><\/div><div  class=\"ui--tagline-background-container ui--tagline-background-image radius-6px\"><\/div><div  class=\"ui--tagline-content\" style=\"padding-bottom: 5px;\"><div  class=\"ui--icon-box position--left\"><div  class=\"ui--icon-box-content\"><h3 class=\"ui--icon-box-title ui--animation text-center\" data-fx=\"fx--appear\"><span ><strong>MERS\u0130N<\/strong><\/span><\/h3><\/div><\/div><\/div><\/div><div class=\"ui--shadow ui--shadow-type-2  clearfix\"><img decoding=\"async\" src=\"https:\/\/onaydanismanlik.com.tr\/wp-content\/themes\/envision\/includes\/modules\/module.shadow\/shadows\/shadow-2.png\" alt=\"\" \/><\/div><\/div><\/div> \n\n <div   class=\"ui-column span4\"><div  class=\"ui--tagline-box-wrapper ui--animation clearfix\"><div  id=\"tagline-6\" class=\"ui--tagline-box ui-row clearfix ui--tagline-box-custom-color radius-6px\" data-responsive=\"{&quot;css&quot;:{&quot;min-height&quot;:{&quot;phone&quot;:&quot;auto&quot;,&quot;tablet&quot;:&quot;auto&quot;,&quot;widescreen&quot;:&quot;&quot;}}}\"><div  class=\"ui--tagline-background-container ui--tagline-background-overlay radius-6px\"><\/div><div  class=\"ui--tagline-background-container ui--tagline-background-image radius-6px\"><\/div><div  class=\"ui--tagline-content\" style=\"padding-bottom: 5px;\"><div  class=\"ui--icon-box position--left\"><div  class=\"ui--icon-box-content\"><h3 class=\"ui--icon-box-title ui--animation text-center\" data-fx=\"fx--appear\"><span ><strong>R\u0130ZE<\/strong><\/span><\/h3><\/div><\/div><\/div><\/div><div class=\"ui--shadow ui--shadow-type-2  clearfix\"><img decoding=\"async\" src=\"https:\/\/onaydanismanlik.com.tr\/wp-content\/themes\/envision\/includes\/modules\/module.shadow\/shadows\/shadow-2.png\" alt=\"\" \/><\/div><\/div><\/div> \n\n<\/div> \n<div class=\"ui-row row\">\n <div   class=\"ui-column span4\"><div  class=\"ui--tagline-box-wrapper ui--animation clearfix\"><div  id=\"tagline-7\" class=\"ui--tagline-box ui-row clearfix ui--tagline-box-custom-color radius-6px\" data-responsive=\"{&quot;css&quot;:{&quot;min-height&quot;:{&quot;phone&quot;:&quot;auto&quot;,&quot;tablet&quot;:&quot;auto&quot;,&quot;widescreen&quot;:&quot;&quot;}}}\"><div  class=\"ui--tagline-background-container ui--tagline-background-overlay radius-6px\"><\/div><div  class=\"ui--tagline-background-container ui--tagline-background-image radius-6px\"><\/div><div  class=\"ui--tagline-content\" style=\"padding-bottom: 5px;\"><div  class=\"ui--icon-box position--left\"><div  class=\"ui--icon-box-content\"><h3 class=\"ui--icon-box-title ui--animation text-center\" data-fx=\"fx--appear\"><span ><strong>TEK\u0130RDA\u011e<\/strong><\/span><\/h3><\/div><\/div><\/div><\/div><div class=\"ui--shadow ui--shadow-type-2  clearfix\"><img decoding=\"async\" src=\"https:\/\/onaydanismanlik.com.tr\/wp-content\/themes\/envision\/includes\/modules\/module.shadow\/shadows\/shadow-2.png\" alt=\"\" \/><\/div><\/div><\/div> \n\n <div   class=\"ui-column span4\"><div  class=\"ui--tagline-box-wrapper ui--animation clearfix\"><div  id=\"tagline-8\" class=\"ui--tagline-box ui-row clearfix ui--tagline-box-custom-color radius-6px\" data-responsive=\"{&quot;css&quot;:{&quot;min-height&quot;:{&quot;phone&quot;:&quot;auto&quot;,&quot;tablet&quot;:&quot;auto&quot;,&quot;widescreen&quot;:&quot;&quot;}}}\"><div  class=\"ui--tagline-background-container ui--tagline-background-overlay radius-6px\"><\/div><div  class=\"ui--tagline-background-container ui--tagline-background-image radius-6px\"><\/div><div  class=\"ui--tagline-content\" style=\"padding-bottom: 5px;\"><div  class=\"ui--icon-box position--left\"><div  class=\"ui--icon-box-content\"><h3 class=\"ui--icon-box-title ui--animation text-center\" data-fx=\"fx--appear\"><span ><strong>ED\u0130RNE<\/strong><\/span><\/h3><\/div><\/div><\/div><\/div><div class=\"ui--shadow ui--shadow-type-2  clearfix\"><img decoding=\"async\" src=\"https:\/\/onaydanismanlik.com.tr\/wp-content\/themes\/envision\/includes\/modules\/module.shadow\/shadows\/shadow-2.png\" alt=\"\" \/><\/div><\/div><\/div> \n\n <div   class=\"ui-column span4\"><div  class=\"ui--tagline-box-wrapper ui--animation clearfix\"><div  id=\"tagline-9\" class=\"ui--tagline-box ui-row clearfix ui--tagline-box-custom-color radius-6px\" data-responsive=\"{&quot;css&quot;:{&quot;min-height&quot;:{&quot;phone&quot;:&quot;auto&quot;,&quot;tablet&quot;:&quot;auto&quot;,&quot;widescreen&quot;:&quot;&quot;}}}\"><div  class=\"ui--tagline-background-container ui--tagline-background-overlay radius-6px\"><\/div><div  class=\"ui--tagline-background-container ui--tagline-background-image radius-6px\"><\/div><div  class=\"ui--tagline-content\" style=\"padding-bottom: 5px;\"><div  class=\"ui--icon-box position--left\"><div  class=\"ui--icon-box-content\"><h3 class=\"ui--icon-box-title ui--animation text-center\" data-fx=\"fx--appear\"><span ><strong>\u00c7ANAKKALE<\/strong><\/span><\/h3><\/div><\/div><\/div><\/div><div class=\"ui--shadow ui--shadow-type-2  clearfix\"><img decoding=\"async\" src=\"https:\/\/onaydanismanlik.com.tr\/wp-content\/themes\/envision\/includes\/modules\/module.shadow\/shadows\/shadow-2.png\" alt=\"\" \/><\/div><\/div><\/div> \n\n<\/div> \n<\/div><\/div><\/div><div  class=\"ui--space clearfix\" style=\"height: 300px;\" data-responsive=\"{&quot;css&quot;:{&quot;height&quot;:{&quot;phone&quot;:null,&quot;tablet&quot;:null,&quot;widescreen&quot;:&quot;300px&quot;}}}\"><\/div>","protected":false},"excerpt":{"rendered":"<p>KAL\u0130TEL\u0130, \u00c7\u00d6Z\u00dcM ODAKLI VE G\u00dcVEN\u0130L\u0130R H\u0130ZMETSizler \u0130\u00e7in 7\/24 Buraday\u0131z Misyonumuz D\u00fcnya genelinde global de\u011fi\u015fimlere ve yeniliklere e\u015fzamanl\u0131 \u015fekilde ayak uydurarak, m\u00fc\u015fterilerimize kaliteli ve h\u0131zl\u0131 hizmeti en g\u00fcvenilir \u015fekilde sunarak, 7\/24 \u00e7\u00f6z\u00fcm \u00fcretmek. Sa\u011flam ad\u0131mlarla b\u00fcy\u00fcrken, ilk g\u00fcnk\u00fc heves ve yenilik\u00e7i ruhumuzu da korumak. VizyonumuzBilgi g\u00fcn\u00fcm\u00fczde en b\u00fcy\u00fck g\u00fc\u00e7 haline gelirken, s\u00f6z konusu g\u00fcmr\u00fck i\u015flemleri oldu\u011funda [&hellip;]<\/p>\n","protected":false},"author":1,"featured_media":0,"parent":0,"menu_order":0,"comment_status":"closed","ping_status":"closed","template":"","meta":{"footnotes":""},"featured_media_urls":[],"_links":{"self":[{"href":"https:\/\/onaydanismanlik.com.tr\/index.php?rest_route=\/wp\/v2\/pages\/327"}],"collection":[{"href":"https:\/\/onaydanismanlik.com.tr\/index.php?rest_route=\/wp\/v2\/pages"}],"about":[{"href":"https:\/\/onaydanismanlik.com.tr\/index.php?rest_route=\/wp\/v2\/types\/page"}],"author":[{"embeddable":true,"href":"https:\/\/onaydanismanlik.com.tr\/index.php?rest_route=\/wp\/v2\/users\/1"}],"replies":[{"embeddable":true,"href":"https:\/\/onaydanismanlik.com.tr\/index.php?rest_route=%2Fwp%2Fv2%2Fcomments&post=327"}],"version-history":[{"count":31,"href":"https:\/\/onaydanismanlik.com.tr\/index.php?rest_route=\/wp\/v2\/pages\/327\/revisions"}],"predecessor-version":[{"id":1877,"href":"https:\/\/onaydanismanlik.com.tr\/index.php?rest_route=\/wp\/v2\/pages\/327\/revisions\/1877"}],"wp:attachment":[{"href":"https:\/\/onaydanismanlik.com.tr\/index.php?rest_route=%2Fwp%2Fv2%2Fmedia&parent=327"}],"curies":[{"name":"wp","href":"https:\/\/api.w.org\/{rel}","templated":true}]}}