{"id":14,"date":"2022-05-10T09:15:05","date_gmt":"2022-05-10T09:15:05","guid":{"rendered":"https:\/\/onaydanismanlik.com.tr\/?page_id=14"},"modified":"2022-06-06T11:46:48","modified_gmt":"2022-06-06T08:46:48","slug":"hesabim","status":"publish","type":"page","link":"https:\/\/onaydanismanlik.com.tr\/?page_id=14","title":{"rendered":"TAKV\u0130YE ED\u0130C\u0130 GIDALAR"},"content":{"rendered":"<div  id=\"video-background-1\" class=\"ui--video-background-wrapper fullwidth-content clearfix ui--section-content-v-center color--dark\" style=\"margin-top: -30px;  margin-bottom: 48px;\"><div class=\"ui--video-background-holder\"><div  class=\"ui--video-background-video hidden-phone \"><\/div><div class=\"ui--video-background-poster\"><\/div><div  class=\"ui--video-background\"><div class=\"ui--gradient\"><\/div><\/div><\/div><div  class=\"ui--section-content container clearfix\" style=\"padding-top: 60px;  padding-bottom: 48px;\"><div  class=\"ui--animation-in make--fx--fadein-btt ui--pass clearfix\" data-fx=\"fx--fadein-btt\" data-delay=\"200\" data-start-delay=\"0\"><h1 id=\"custom-title-1\" class=\"ui--animation \" style=\"font-size: 47px; line-height: 42px; text-align: center; margin-bottom: 0px; \" ><strong>KAL\u0130TEL\u0130, \u00c7\u00d6Z\u00dcM ODAKLI VE G\u00dcVEN\u0130L\u0130R H\u0130ZMET<span id=\"text-rotator-1\" class=\"ui--text-rotator\" data-effect=\"fade\" data-speed=\"5000\"><span class=\"ui--text-rotator-placeholder\"><\/span><span class=\"ui--text-rotator-words\"><\/span><\/span><\/strong><\/h1><h1 id=\"custom-title-h1-1\" class=\"ui--animation \" style=\"text-align: center; margin-bottom: 0px; \">Sizler \u0130\u00e7in 7\/24 Buraday\u0131z <\/h1><div  class=\"ui--space clearfix\" style=\"height: 80px;\" data-responsive=\"{&quot;css&quot;:{&quot;height&quot;:{&quot;phone&quot;:null,&quot;tablet&quot;:null,&quot;widescreen&quot;:&quot;80px&quot;}}}\"><\/div><div  class=\"ui--animation-in make--fx--fadein-btt ui--pass clearfix\" data-fx=\"fx--fadein-btt\" data-delay=\"200\" data-start-delay=\"0\"><div class=\"ui-row row\">\n <div   class=\"ui-column span6\"><div  class=\"ui--icon-box position--left\"><span class=\"ui--icon-box-icon ui--animation\"><i class=\"ui--icon fontawesome-rocket icon-inline-block icon-with-background radius-circle\" style=\"font-size: 48px;  width: 52px;  height: 52px;  border-width: 3px;  border-style: solid;\"><\/i><\/span><div  class=\"ui--icon-box-content\"><h3 class=\"ui--icon-box-title ui--animation text-left\" data-fx=\"fx--no-effect\"><span ><strong>Misyonumuz<\/strong> <\/span><\/h3><div  class=\"ui--animation ui--icon-box-text text-left\" data-fx=\"fx--no-effect\"><p>D\u00fcnya genelinde global de\u011fi\u015fimlere ve yeniliklere e\u015fzamanl\u0131 \u015fekilde ayak uydurarak, m\u00fc\u015fterilerimize kaliteli ve h\u0131zl\u0131 hizmeti en g\u00fcvenilir \u015fekilde sunarak, 7\/24 \u00e7\u00f6z\u00fcm \u00fcretmek. Sa\u011flam ad\u0131mlarla b\u00fcy\u00fcrken, ilk g\u00fcnk\u00fc heves ve yenilik\u00e7i ruhumuzu da korumak. <\/p>\n<\/div><\/div><\/div><\/div> \n\n <div   class=\"ui-column span6\"><div  class=\"ui--icon-box position--left\"><span class=\"ui--icon-box-icon ui--animation\"><i class=\"ui--icon fontawesome-eye-open icon-inline-block icon-with-background radius-circle\" style=\"font-size: 48px;  width: 52px;  height: 52px;  border-width: 3px;  border-style: solid;\"><\/i><\/span><div  class=\"ui--icon-box-content\"><h3 class=\"ui--icon-box-title ui--animation text-left\" data-fx=\"fx--no-effect\"><span ><strong>Vizyonumuz<\/strong><\/span><\/h3><div  class=\"ui--animation ui--icon-box-text text-left\" data-fx=\"fx--no-effect\"><p>Bilgi g\u00fcn\u00fcm\u00fczde en b\u00fcy\u00fck g\u00fc\u00e7 haline gelirken, s\u00f6z konusu g\u00fcmr\u00fck i\u015flemleri oldu\u011funda mevzuatlar\u0131n d\u00fcnya \u00e7ap\u0131nda takibi \u00e7ok daha b\u00fcy\u00fck \u00f6nem kazan\u0131yor. ONAY Dan\u0131\u015fmal\u0131k olarak, m\u00fckemmeliyet\u00e7i bak\u0131\u015f a\u00e7\u0131m\u0131z ve bilgi birikimimizle; sekt\u00f6re \u00f6zel analiz ve hizmetlerimizle m\u00fc\u015fterilerimizin \u00e7ok y\u00f6nl\u00fc \u00e7\u00f6z\u00fcm ortaklar\u0131 olmay\u0131 hedefliyoruz.<\/p>\n<\/div><\/div><\/div><\/div> \n\n<\/div> \n<div class=\"ui-row row\">\n <div   class=\"ui-column span6\"><div  class=\"ui--icon-box position--left\"><span class=\"ui--icon-box-icon ui--animation\"><i class=\"ui--icon icomoon-queen icon-inline-block icon-with-background radius-circle\" style=\"font-size: 48px;  width: 52px;  height: 52px;  border-width: 3px;  border-style: solid;\"><\/i><\/span><div  class=\"ui--icon-box-content\"><h3 class=\"ui--icon-box-title ui--animation text-left\" data-fx=\"fx--no-effect\"><span ><strong>De\u011ferlerimiz<\/strong><\/span><\/h3><div  class=\"ui--animation ui--icon-box-text text-left\" data-fx=\"fx--no-effect\"><p>H\u0131zl\u0131  ve kaliteli \u015fekilde \u00e7al\u0131\u015farak, m\u00fc\u015fteri memnuniyetini her \u015feyden \u00fcst\u00fcn tutan bir \u015firket olmak.<\/p>\n<\/div><\/div><\/div><\/div> \n\n <div   class=\"ui-column span6\"><div  class=\"ui--icon-box position--left\"><span class=\"ui--icon-box-icon ui--animation\"><i class=\"ui--icon icomoon-stats-up icon-inline-block icon-with-background radius-circle\" style=\"font-size: 48px;  width: 52px;  height: 52px;  border-width: 3px;  border-style: solid;\"><\/i><\/span><div  class=\"ui--icon-box-content\"><h3 class=\"ui--icon-box-title ui--animation text-left\" data-fx=\"fx--no-effect\"><span ><strong>S\u00fcrekli Geli\u015fim<\/strong><\/span><\/h3><div  class=\"ui--animation ui--icon-box-text text-left\" data-fx=\"fx--no-effect\"><p>D\u00fcnyadaki de\u011fi\u015fimleri yak\u0131ndan takip ederek e\u015f zamanl\u0131 olarak i\u015f s\u00fcre\u00e7lerimize adapte ediyoruz.<\/p>\n<\/div><\/div><\/div><\/div> \n\n<\/div> \n<div class=\"ui-row row\">\n <div   class=\"ui-column span6\"><div  class=\"ui--icon-box position--left\"><span class=\"ui--icon-box-icon ui--animation\"><i class=\"ui--icon icomoon-users-4 icon-inline-block icon-with-background radius-circle\" style=\"font-size: 48px;  width: 52px;  height: 52px;  border-width: 3px;  border-style: solid;\"><\/i><\/span><div  class=\"ui--icon-box-content\"><h3 class=\"ui--icon-box-title ui--animation text-left\" data-fx=\"fx--no-effect\"><span ><strong>M\u00fc\u015fteri ve \u00c7\u00f6z\u00fcm odakl\u0131l\u0131k<\/strong><\/span><\/h3><div  class=\"ui--animation ui--icon-box-text text-left\" data-fx=\"fx--no-effect\"><p>M\u00fc\u015fterilerimizin memnuniyetini her \u015feyin \u00f6n\u00fcnde tutarak daima \u201cnas\u0131l yapabiliriz\u201di d\u00fc\u015f\u00fcn\u00fcyoruz.<\/p>\n<\/div><\/div><\/div><\/div> \n\n <div   class=\"ui-column span6\"><div  class=\"ui--icon-box position--left\"><span class=\"ui--icon-box-icon ui--animation\"><i class=\"ui--icon fontawesome-smile icon-inline-block icon-with-background radius-circle\" style=\"font-size: 48px;  width: 52px;  height: 52px;  border-width: 3px;  border-style: solid;\"><\/i><\/span><div  class=\"ui--icon-box-content\"><h3 class=\"ui--icon-box-title ui--animation text-left\" data-fx=\"fx--no-effect\"><span ><strong>Samimiyet<\/strong><\/span><\/h3><div  class=\"ui--animation ui--icon-box-text text-left\" data-fx=\"fx--no-effect\"><p>Birlikte \u00e7al\u0131\u015ft\u0131\u011f\u0131m\u0131z kurum ve kurulu\u015flar\u0131 salt bir m\u00fc\u015fterinin \u00f6tesinde, \u00e7\u00f6z\u00fcm orta\u011f\u0131m\u0131z olarak g\u00f6r\u00fcyoruz.<\/p>\n<\/div><\/div><\/div><\/div> \n\n<\/div> \n<div class=\"ui-row row\">\n <div   class=\"ui-column span6\"><div  class=\"ui--icon-box position--left\"><span class=\"ui--icon-box-icon ui--animation\"><i class=\"ui--icon fontawesome-puzzle-piece icon-inline-block icon-with-background radius-circle\" style=\"font-size: 48px;  width: 52px;  height: 52px;  border-width: 3px;  border-style: solid;\"><\/i><\/span><div  class=\"ui--icon-box-content\"><h3 class=\"ui--icon-box-title ui--animation text-left\" data-fx=\"fx--no-effect\"><span ><strong>Heyecan<\/strong><\/span><\/h3><div  class=\"ui--animation ui--icon-box-text text-left\" data-fx=\"fx--no-effect\"><p>Yapt\u0131\u011f\u0131m\u0131z her i\u015fe heyecanla yakla\u015f\u0131r, azimle \u00e7al\u0131\u015farak en ba\u015far\u0131l\u0131 \u015fekilde tamamlar\u0131z.<\/p>\n<\/div><\/div><\/div><\/div> \n\n<\/div> \n<div  class=\"ui--space clearfix\" data-responsive=\"{&quot;css&quot;:{&quot;height&quot;:{&quot;phone&quot;:null,&quot;tablet&quot;:null,&quot;widescreen&quot;:null}}}\"><\/div><div class=\"ui-row row\">\n <div   class=\"ui-column span6\"><div  class=\"ui--icon-box position--left\"><span class=\"ui--icon-box-icon ui--animation\"><i class=\"ui--icon icomoon-racing icon-inline-block icon-with-background radius-circle\" style=\"font-size: 48px;  width: 52px;  height: 52px;  border-width: 3px;  border-style: solid;\"><\/i><\/span><div  class=\"ui--icon-box-content\"><h3 class=\"ui--icon-box-title ui--animation text-left\" data-fx=\"fx--no-effect\"><span ><strong>Cesaret<\/strong><\/span><\/h3><div  class=\"ui--animation ui--icon-box-text text-left\" data-fx=\"fx--no-effect\"><p>Gerekti\u011finde inisiyatif kullanarak sorumluluk al\u0131r\u0131z. <\/p>\n<\/div><\/div><\/div><\/div> \n\n<\/div> \n<div class=\"text-center ui--animation\"><a class=\"btn btn-large btn-block btn-icon-left btn-secondary\" href=\"https:\/\/onaydanismanlik.com.tr\/?page_id=390\" style=\"\">Onay Dan\u0131\u015fmanl\u0131k hakk\u0131nda daha fazlas\u0131n\u0131 g\u00f6rmek ister misiniz?<\/a> <\/div><\/div><\/div><\/div><\/div><div class=\"ui-row row\">\n <div   class=\"ui-column span4\"><div class=\"ui--custom-menu-bar ui--gradient ui--gradient-grey hover-effect ui--box orientation-vertical ui--height-normal text-left clearfix\"><ul class=\"unstyled clearfix\"><li class=\"first-item ui--gradient-grey ui--icon-position-left\" title=\"\"><a href=\"https:\/\/onaydanismanlik.com.tr\/?page_id=14\"> TAKV\u0130YE ED\u0130C\u0130 GIDALAR <\/a><\/li><li class=\"ui--gradient-grey ui--icon-position-left\" title=\"\"><a href=\"https:\/\/onaydanismanlik.com.tr\/?page_id=1941\"> GIDA \u0130\u015eLETME <\/a><\/li><li class=\"ui--gradient-grey ui--icon-position-left\" title=\"\"><a href=\"https:\/\/onaydanismanlik.com.tr\/?page_id=1945\"> E\u011e\u0130T\u0130M <\/a><\/li><li class=\"ui--gradient-grey ui--icon-position-left\" title=\"\"><a href=\"https:\/\/onaydanismanlik.com.tr\/?page_id=1947\"> HAYVANSAL GIDALAR <\/a><\/li><li class=\"last-item ui--gradient-grey ui--icon-position-left\" title=\"\"><a href=\"https:\/\/onaydanismanlik.com.tr\/?page_id=1949\"> \u00d6N B\u0130LD\u0130R\u0130M <\/a><\/li><\/ul><\/div><\/div> \n\n<\/div> \n<div  class=\"ui--space clearfix\" data-responsive=\"{&quot;css&quot;:{&quot;height&quot;:{&quot;phone&quot;:null,&quot;tablet&quot;:null,&quot;widescreen&quot;:null}}}\"><\/div><div class=\"ui--title ui--animation ui--title-bordered text-left\"><div class=\"ui--title-holder\"><h3 class=\"ui--title-text\"><strong>Takviye Edici G\u0131dalar<\/strong> <\/h3><div class=\"ui--title-borders ui--title-border-left\"><\/div><div class=\"ui--title-borders ui--title-border-right\"><\/div><\/div><\/div><div class=\"ui-row row\">\n <div   class=\"ui-column span6\"><div class=\"auto-format ui--animation\"><p>Tar\u0131m ve Orman Bakanl\u0131\u011f\u0131 taraf\u0131ndan, 2 May\u0131s 2013 tarih ve 28635 say\u0131l\u0131 Resmi Gazetede yay\u0131nlanan Takviye Edici G\u0131dalar\u0131n \u0130thalat\u0131, \u00dcretimi, i\u015flenmesi ve Piyasaya Arz\u0131na \u0130li\u015fkin Y\u00f6netmelik ve devam\u0131nda yay\u0131nlanan Tebli\u011f, Talimat kapsam\u0131nda her Takviye Edici G\u0131da i\u00e7in, Takviye Edici G\u0131da Komisyonu taraf\u0131ndan onaylama s\u00fcreci gerekmektedir.<\/p>\n<p>Bu kapsamda ;<br \/>\n-Takviye Edici G\u0131dan\u0131n Onaylanmas\u0131 i\u015flemlerini Tar\u0131m ve Orman Bakanl\u0131\u011f\u0131 mevzuatlar\u0131 gere\u011fince yapmak.<br \/>\n  *Takviye Edici G\u0131dalar\u0131n Onay Dosyalar\u0131n\u0131, Takviye Edici G\u0131dalar Y\u00f6netmeli\u011fi do\u011frultusunca haz\u0131rlamak.<br \/>\n  *Takviye Edici G\u0131da Onay numaras\u0131n\u0131 alana kadar ge\u00e7en s\u00fcreci y\u00f6netmek.<br \/>\n  *Takviye Edici G\u0131da Onay numaras\u0131 al\u0131nan \u00fcr\u00fcn\u00fcn ambalaj g\u00f6rselini mevzuat kapsam\u0131nda d\u00fczenlemek.<br \/>\n-Takviye Edici G\u0131da Onay numaras\u0131 al\u0131nan  \u0130thal Takviye Edici G\u0131da \u00fcr\u00fcn\u00fcm\u00fcz\u00fcn \u00dcr\u00fcn Bildirimini onaylatmak.<br \/>\n  *Takviye Edici G\u0131da Onay numaras\u0131 al\u0131nan ithal \u00fcr\u00fcn\u00fcn, T\u00fcrkiyede sat\u0131\u015fa sunulacak \u00fcr\u00fcn\u00fcn ambalaj g\u00f6rselini mevzuat kapsam\u0131nda d\u00fczenlemek.<\/p>\n<p>-Onayl\u0131 \u00fcr\u00fcn bildirimi kapsam\u0131nda g\u00fcmr\u00fckl\u00fc alana gelen \u0130thal Takviye Edici G\u0131dalar\u0131n,<br \/>\n  *Sevkiyat bildirimlerini yapmak,<br \/>\n  *Numune al\u0131m\u0131 i\u015flemlerini takibini yapmak,<br \/>\n  *TPS giri\u015fine kadar olan  Tar\u0131m ve Orman Bakanl\u0131\u011f\u0131 s\u00fcrecini y\u00f6netmek<\/p>\n<p>&#8211; Tar\u0131m ve Orman Bakanl\u0131\u011f\u0131m\u0131z\u0131n K\u0131s\u0131tl\u0131 Maddeler Listesine,<br \/>\n   *Yeni etken madde ekletmek,<br \/>\n   *G\u00fcnl\u00fck maksimum kullan\u0131m dozu ekletmek,<br \/>\n   *Tan\u0131ml\u0131  etken maddenin dozunu art\u0131rmak,<br \/>\n    *Kullan\u0131c\u0131 ya\u015f grubuna g\u00f6re g\u00fcnl\u00fck kullan\u0131m dozu ekletmek.<\/p>\n<p>&#8211; Tar\u0131m ve Orman Bakanl\u0131\u011f\u0131m\u0131z\u0131n  Bitki listesine,<br \/>\n  *Yeni bitki ve kullan\u0131lan k\u0131s\u0131m bilgisi ekletmek,<br \/>\n  *Onayl\u0131 bitki k\u0131s\u0131mlar\u0131na kullan\u0131lan farkl\u0131 k\u0131s\u0131mlar ekletmek,<br \/>\n  * Negatif tan\u0131mlanan bitki k\u0131s\u0131mlar\u0131n\u0131 pozitif tan\u0131mlama a\u015famas\u0131na getirmek. <\/p>\n<\/div><\/div> \n\n <div   class=\"ui-column span6\"><div class=\"ui--image-wrap clearfix\" style=\"margin-top: 40px;  margin-left: -20px;\"><img decoding=\"async\"  id=\"ui--image-1\" class=\"ui--image ui--animation\" src=\"https:\/\/onaydanismanlik.com.tr\/wp-content\/uploads\/2022\/05\/takviyeedicigidalar-4.jpg\" alt=\"\" title=\"\" data-at2x=\"\"\/><\/div><\/div> \n\n<\/div> \n<div  class=\"ui--space clearfix\" style=\"height: 300px;\" data-responsive=\"{&quot;css&quot;:{&quot;height&quot;:{&quot;phone&quot;:null,&quot;tablet&quot;:null,&quot;widescreen&quot;:&quot;300px&quot;}}}\"><\/div>","protected":false},"excerpt":{"rendered":"<p>KAL\u0130TEL\u0130, \u00c7\u00d6Z\u00dcM ODAKLI VE G\u00dcVEN\u0130L\u0130R H\u0130ZMET Sizler \u0130\u00e7in 7\/24 Buraday\u0131z Misyonumuz D\u00fcnya genelinde global de\u011fi\u015fimlere ve yeniliklere e\u015fzamanl\u0131 \u015fekilde ayak uydurarak, m\u00fc\u015fterilerimize kaliteli ve h\u0131zl\u0131 hizmeti en g\u00fcvenilir \u015fekilde sunarak, 7\/24 \u00e7\u00f6z\u00fcm \u00fcretmek. Sa\u011flam ad\u0131mlarla b\u00fcy\u00fcrken, ilk g\u00fcnk\u00fc heves ve yenilik\u00e7i ruhumuzu da korumak. Vizyonumuz Bilgi g\u00fcn\u00fcm\u00fczde en b\u00fcy\u00fck g\u00fc\u00e7 haline gelirken, s\u00f6z konusu g\u00fcmr\u00fck [&hellip;]<\/p>\n","protected":false},"author":1,"featured_media":0,"parent":0,"menu_order":0,"comment_status":"closed","ping_status":"closed","template":"","meta":{"footnotes":""},"featured_media_urls":[],"_links":{"self":[{"href":"https:\/\/onaydanismanlik.com.tr\/index.php?rest_route=\/wp\/v2\/pages\/14"}],"collection":[{"href":"https:\/\/onaydanismanlik.com.tr\/index.php?rest_route=\/wp\/v2\/pages"}],"about":[{"href":"https:\/\/onaydanismanlik.com.tr\/index.php?rest_route=\/wp\/v2\/types\/page"}],"author":[{"embeddable":true,"href":"https:\/\/onaydanismanlik.com.tr\/index.php?rest_route=\/wp\/v2\/users\/1"}],"replies":[{"embeddable":true,"href":"https:\/\/onaydanismanlik.com.tr\/index.php?rest_route=%2Fwp%2Fv2%2Fcomments&post=14"}],"version-history":[{"count":5,"href":"https:\/\/onaydanismanlik.com.tr\/index.php?rest_route=\/wp\/v2\/pages\/14\/revisions"}],"predecessor-version":[{"id":1944,"href":"https:\/\/onaydanismanlik.com.tr\/index.php?rest_route=\/wp\/v2\/pages\/14\/revisions\/1944"}],"wp:attachment":[{"href":"https:\/\/onaydanismanlik.com.tr\/index.php?rest_route=%2Fwp%2Fv2%2Fmedia&parent=14"}],"curies":[{"name":"wp","href":"https:\/\/api.w.org\/{rel}","templated":true}]}}